{"id":17330,"date":"2022-11-08T20:59:40","date_gmt":"2022-11-08T20:59:40","guid":{"rendered":"https:\/\/dapinutour.com\/%d8%b4%d8%b1%d9%88%d8%b7-%d8%a7%d9%84%d8%a5%d8%b1%d8%ac%d8%a7%d8%b9-%d9%88%d8%a7%d9%84%d8%a5%d9%84%d8%ba%d8%a7%d8%a1-%d9%88%d8%a7%d9%84%d9%82%d9%88%d8%a7%d8%b9%d8%af-%d8%a7%d9%84%d8%b9%d8%a7%d9%85\/"},"modified":"2024-03-22T16:48:17","modified_gmt":"2024-03-22T16:48:17","slug":"%d8%b4%d8%b1%d9%88%d8%b7-%d8%a7%d9%84%d8%a5%d8%b1%d8%ac%d8%a7%d8%b9-%d9%88%d8%a7%d9%84%d8%a5%d9%84%d8%ba%d8%a7%d8%a1-%d9%88%d8%a7%d9%84%d9%82%d9%88%d8%a7%d8%b9%d8%af-%d8%a7%d9%84%d8%b9%d8%a7%d9%85","status":"publish","type":"page","link":"https:\/\/dapinutour.com\/ar\/%d8%b4%d8%b1%d9%88%d8%b7-%d8%a7%d9%84%d8%a5%d8%b1%d8%ac%d8%a7%d8%b9-%d9%88%d8%a7%d9%84%d8%a5%d9%84%d8%ba%d8%a7%d8%a1-%d9%88%d8%a7%d9%84%d9%82%d9%88%d8%a7%d8%b9%d8%af-%d8%a7%d9%84%d8%b9%d8%a7%d9%85\/","title":{"rendered":"\u0634\u0631\u0648\u0637 \u0627\u0644\u0625\u0631\u062c\u0627\u0639 \u0648\u0627\u0644\u0625\u0644\u063a\u0627\u0621 \u0648\u0627\u0644\u0642\u0648\u0627\u0639\u062f \u0627\u0644\u0639\u0627\u0645\u0629"},"content":{"rendered":"&#13;\n<p> IADE &amp; IPTAL KO\u015eULLARI VE GENEL KURALLAR<\/p>&#13;\n<p>\u00a0<\/p>&#13;\n<p>Y\u00f6netmeli\u011fin &#8220;Cayma Hakk\u0131n\u0131n Kullan\u0131m\u0131 ve Taraflar\u0131n Y\u00fck\u00fcml\u00fcl\u00fckleri&#8221; \u0648d\u00fczenleyen &#8220;\u00dc\u00e7\u00fcnc\u00fc B\u00f6l\u00fcm&#8221; ba\u015fl\u0131\u011f\u0131 alt\u0131nda yaz\u0131l\u0131 maddelerinin, &#8220;Yolcu Ta\u015f\u0131ma Hizmetleri&#8221; ne uygulanmamas\u0131 sebebi ile; ALICI&#8217;n\u0131n cayma hakk\u0131 bulunmamaktad\u0131r.<\/p>&#13;\n<p>\u00a0<\/p>&#13;\n<p>SATICI\u060c ALICI&#8217;n beliirtilen tarihlerde \u00f6deme yapmamas\u0131 durumunda \u00f6demelerdeki gecikmelerde mecbur kalmad\u0131\u011f\u0131 hallerde gecikme faizi uygulamaz. Ancak ALICI ayr\u0131nt\u0131l\u0131 tur Program\u0131nda aksi beliirtilmedigii s\u00fcrece turun hareket tarihinden en ge\u00e7 15 g\u00fcn \u00f6ncesine Kadar \u00f6demelerini tamamlamak zorundad\u0131r. Aksi takdirde SATICI i\u015fbu s\u00f6zle\u015fmeyi tek tarafl\u0131 olarak iptal etme hakk\u0131n\u0131 sakl\u0131 tutar.<\/p>&#13;\n<p>\u00a0<\/p>&#13;\n<p>SATICI\u060c gerekli t\u00fcm \u00f6zeni \u00f6zeni g\u00f6stermi\u015f olmas\u0131na ra\u011fmen gezinin ba\u015flamas\u0131na veya devam\u0131na engel te\u015fkil eden\u061b gerekli yolcu say\u0131s\u0131 kadar kesin kayd\u0131n olu\u015fmamas\u0131 ve\/veya olumsuz hava ko\u015fullar\u0131, yol engeli, grev, ter\u00f6r, sis, sava\u015f ihtimali, \u00f6ng\u00f6r\u00fclemez teknik hususlar ve tom m\u00fccbir sebeplerden dolay\u0131 geziyi iptal veya tehir edebilir. Bu durumda t\u00fcketicinin tazminat hakk\u0131 yoktur.<\/p>&#13;\n<p>\u00a0<\/p>&#13;\n<p>Nedeni ne olursa olsun ALICI taraf\u0131ndan yap\u0131lacak Herhangi bir iptalde ALICI\u060c tur \u00fccretinin bakiyesinin tamam\u0131n\u0131 \u00f6demeyi taahh\u00fct eder ve o ana yapm\u0131\u015f oldu\u011fu \u00f6deme iade edilmez.<\/p>&#13;\n<p>\u00a0<\/p>&#13;\n<p>ALICI sat\u0131n ald\u0131\u011f\u0131 turu \u015fehir i\u00e7i g\u00fcnl\u00fck turlarda 3 g\u00fcn \u00f6ncesine, yurt i\u00e7i turlarda 20 g\u00fcn \u00f6ncesine kadar, yurt d\u0131\u015f\u0131 turlarda 30 g\u00fcn \u00f6ncesine kadar biskas\u0131na devredebilir. SATICI bu s\u00fcrenin ALICI lehine uzamas\u0131 i\u00e7in elinden gelen g\u00f6sterece\u011fini taahh\u00fct eder. Devir alan ki\u015fi, bakiyeden, devir al\u0131nmas\u0131yla do\u011fabilecek masraflardan devir edenle birlikte m\u00fcteselsilden sorumludur. Devir alan ki\u015finin isbu sat\u0131\u015f s\u00f6zle\u015fmesi ve formlarda imzas\u0131 olmasa bile isbu s\u00f6zle\u015fme h\u00fck\u00fcmleri ile ba\u011fl\u0131d\u0131r.<\/p>&#13;\n<p>\u00a0<\/p>&#13;\n<p>Zaman\u0131nda vize al\u0131namamas\u0131 durumunda tur iptal ko\u015fullar\u0131 isbu s\u00f6zle\u015fme maddelerinde beliirtilmi\u015ftir. \u0627\u062d\u0635\u0644 \u0639\u0644\u0649 \u0627\u0644\u062f\u0639\u0645 \u0648\u0627\u0644\u0645\u0634\u0648\u0631\u0629 \u0641\u064a \u0627\u0644\u0648\u0642\u062a \u0627\u0644\u0645\u0646\u0627\u0633\u0628 \u0644\u062a\u062e\u0635\u064a\u0635 \u0648\u062a\u0633\u0648\u064a\u0642 \u0645\u0646\u062a\u062c\u0627\u062a ALICI. Vize al\u0131namamas\u0131ndan ALICI, SATICI&#8217;y\u0131 hi\u00e7bir \u015fekilde sorumlu tutamaz.<\/p>&#13;\n<p>\u00a0<\/p>&#13;\n<p>\u0623\u0648\u0632\u064a\u062a\u0644\u061b h\u00e7bir hizmetimizde iptal ya da iade hakk\u0131 tan\u0131nmam\u0131\u015f olup; \u0642\u0645 \u0628\u0625\u0644\u063a\u0627\u0621 \u062a\u062b\u0628\u064a\u062a SATICI&#8217;n onay\u0131na ba\u011fl\u0131 k\u0131l\u0131nm\u0131\u015ft\u0131r.<\/p>&#13;\n<p>\u00a0<\/p>&#13;\n<p>**\u0634\u0631\u0648\u0637 \u0627\u0644\u0625\u0631\u062c\u0627\u0639 \u0648\u0627\u0644\u0625\u0644\u063a\u0627\u0621 \u0648\u0627\u0644\u0642\u0648\u0627\u0639\u062f \u0627\u0644\u0639\u0627\u0645\u0629**<\/p>&#13;\n<p>\u00a0<\/p>&#13;\n<p>\u0646\u0638\u0631\u064b\u0627 \u0644\u0639\u062f\u0645 \u062a\u0637\u0628\u064a\u0642 \u0627\u0644\u0623\u062d\u0643\u0627\u0645 \u0627\u0644\u0648\u0627\u0631\u062f\u0629 \u0641\u064a &#8220;\u0627\u0644\u0642\u0633\u0645 \u0627\u0644\u062b\u0627\u0644\u062b&#8221; \u0627\u0644\u0630\u064a \u064a\u0646\u0638\u0645 &#8220;\u0645\u0645\u0627\u0631\u0633\u0629 \u062d\u0642 \u0627\u0644\u0627\u0646\u0633\u062d\u0627\u0628 \u0648\u0627\u0644\u062a\u0632\u0627\u0645\u0627\u062a \u0627\u0644\u0623\u0637\u0631\u0627\u0641&#8221; \u0645\u0646 \u0644\u0627\u0626\u062d\u0629 &#8220;\u062e\u062f\u0645\u0627\u062a \u0646\u0642\u0644 \u0627\u0644\u0631\u0643\u0627\u0628&#8221;\u060c \u0644\u0627 \u064a\u062a\u0645\u062a\u0639 \u0627\u0644\u0645\u0634\u062a\u0631\u064a \u0628\u062d\u0642 \u0627\u0644\u0627\u0646\u0633\u062d\u0627\u0628.<\/p>&#13;\n<p>\u00a0<\/p>&#13;\n<p>\u0641\u064a \u062d\u0627\u0644\u0629 \u0639\u062f\u0645 \u0642\u064a\u0627\u0645 \u0627\u0644\u0645\u0634\u062a\u0631\u064a \u0628\u0633\u062f\u0627\u062f \u0627\u0644\u062f\u0641\u0639\u0627\u062a \u0641\u064a \u0627\u0644\u062a\u0648\u0627\u0631\u064a\u062e \u0627\u0644\u0645\u062d\u062f\u062f\u0629\u060c \u0644\u0627 \u064a\u0637\u0628\u0642 \u0627\u0644\u0628\u0627\u0626\u0639 \u0641\u0627\u0626\u062f\u0629 \u0627\u0644\u062f\u0641\u0639 \u0627\u0644\u0645\u062a\u0623\u062e\u0631 \u0641\u064a \u0627\u0644\u062d\u0627\u0644\u0627\u062a \u0627\u0644\u062a\u064a \u0644\u0627 \u064a\u0643\u0648\u0646 \u0641\u064a\u0647\u0627 \u0645\u0644\u0632\u0645\u064b\u0627 \u0628\u0627\u0644\u0642\u064a\u0627\u0645 \u0628\u0630\u0644\u0643. \u0648\u0645\u0639 \u0630\u0644\u0643\u060c \u0645\u0627 \u0644\u0645 \u064a\u0646\u0635 \u0639\u0644\u0649 \u062e\u0644\u0627\u0641 \u0630\u0644\u0643 \u0641\u064a \u0628\u0631\u0646\u0627\u0645\u062c \u0627\u0644\u062c\u0648\u0644\u0629 \u0627\u0644\u062a\u0641\u0635\u064a\u0644\u064a\u060c \u064a\u062c\u0628 \u0639\u0644\u0649 \u0627\u0644\u0645\u0634\u062a\u0631\u064a \u0625\u0643\u0645\u0627\u0644 \u0627\u0644\u062f\u0641\u0639\u0627\u062a \u0642\u0628\u0644 15 \u064a\u0648\u0645\u064b\u0627 \u0639\u0644\u0649 \u0627\u0644\u0623\u0642\u0644 \u0645\u0646 \u062a\u0627\u0631\u064a\u062e \u0645\u063a\u0627\u062f\u0631\u0629 \u0627\u0644\u062c\u0648\u0644\u0629. \u0648\u0628\u062e\u0644\u0627\u0641 \u0630\u0644\u0643\u060c \u064a\u062d\u062a\u0641\u0638 \u0627\u0644\u0628\u0627\u0626\u0639 \u0628\u0627\u0644\u062d\u0642 \u0641\u064a \u0625\u0644\u063a\u0627\u0621 \u0647\u0630\u0647 \u0627\u0644\u0627\u062a\u0641\u0627\u0642\u064a\u0629 \u0645\u0646 \u062c\u0627\u0646\u0628 \u0648\u0627\u062d\u062f.<\/p>&#13;\n<p>\u00a0<\/p>&#13;\n<p>\u064a\u062c\u0648\u0632 \u0644\u0644\u0628\u0627\u0626\u0639\u060c \u0639\u0644\u0649 \u0627\u0644\u0631\u063a\u0645 \u0645\u0646 \u0627\u062a\u062e\u0627\u0630 \u0643\u0644 \u0627\u0644\u0639\u0646\u0627\u064a\u0629 \u0627\u0644\u0644\u0627\u0632\u0645\u0629\u060c \u0625\u0644\u063a\u0627\u0621 \u0627\u0644\u0631\u062d\u0644\u0629 \u0623\u0648 \u062a\u0623\u062c\u064a\u0644\u0647\u0627 \u0644\u0623\u0633\u0628\u0627\u0628 \u0645\u062b\u0644 \u0639\u062f\u0645 \u0627\u0644\u0648\u0635\u0648\u0644 \u0625\u0644\u0649 \u0627\u0644\u062a\u0633\u062c\u064a\u0644 \u0627\u0644\u0645\u062d\u062f\u062f \u0644\u0644\u0639\u062f\u062f \u0627\u0644\u0645\u0637\u0644\u0648\u0628 \u0645\u0646 \u0627\u0644\u0631\u0643\u0627\u0628 \u0648\/\u0623\u0648 \u0627\u0644\u0638\u0631\u0648\u0641 \u0627\u0644\u062c\u0648\u064a\u0629 \u0627\u0644\u0633\u064a\u0626\u0629\u060c \u0623\u0648 \u062d\u0648\u0627\u062c\u0632 \u0627\u0644\u0637\u0631\u0642\u060c \u0623\u0648 \u0627\u0644\u0625\u0636\u0631\u0627\u0628\u0627\u062a\u060c \u0623\u0648 \u0627\u0644\u0625\u0631\u0647\u0627\u0628\u060c \u0623\u0648 \u0627\u0644\u0636\u0628\u0627\u0628\u060c \u0623\u0648 \u0627\u062d\u062a\u0645\u0627\u0644 \u0627\u0644\u062d\u0631\u0628\u060c \u0623\u0648 \u063a\u064a\u0631 \u0645\u062a\u0648\u0642\u0639\u0629 \u0627\u0644\u0645\u0633\u0627\u0626\u0644 \u0627\u0644\u0641\u0646\u064a\u0629\u060c \u0648\u062c\u0645\u064a\u0639 \u0623\u062d\u062f\u0627\u062b \u0627\u0644\u0642\u0648\u0629 \u0627\u0644\u0642\u0627\u0647\u0631\u0629. \u0648\u0641\u064a \u0647\u0630\u0647 \u0627\u0644\u062d\u0627\u0644\u0629 \u0644\u064a\u0633 \u0644\u0644\u0645\u0633\u062a\u0647\u0644\u0643 \u0627\u0644\u062d\u0642 \u0641\u064a \u0627\u0644\u062a\u0639\u0648\u064a\u0636.<\/p>&#13;\n<p>\u00a0<\/p>&#13;\n<p>\u0628\u063a\u0636 \u0627\u0644\u0646\u0638\u0631 \u0639\u0646 \u0633\u0628\u0628 \u0623\u064a \u0625\u0644\u063a\u0627\u0621 \u0645\u0646 \u0642\u0628\u0644 \u0627\u0644\u0645\u0634\u062a\u0631\u064a\u060c \u064a\u062a\u0639\u0647\u062f \u0627\u0644\u0645\u0634\u062a\u0631\u064a \u0628\u062f\u0641\u0639 \u0643\u0627\u0645\u0644 \u0631\u0635\u064a\u062f \u0631\u0633\u0648\u0645 \u0627\u0644\u062c\u0648\u0644\u0629 \u0648\u0627\u0644\u0645\u062f\u0641\u0648\u0639\u0627\u062a \u0627\u0644\u062a\u064a \u062a\u0645 \u0633\u062f\u0627\u062f\u0647\u0627 \u062d\u062a\u0649 \u062a\u0644\u0643 \u0627\u0644\u0646\u0642\u0637\u0629 \u063a\u064a\u0631 \u0642\u0627\u0628\u0644\u0629 \u0644\u0644\u0627\u0633\u062a\u0631\u062f\u0627\u062f.<\/p>&#13;\n<p>\u00a0<\/p>&#13;\n<p>\u064a\u0645\u0643\u0646 \u0644\u0644\u0645\u0634\u062a\u0631\u064a \u0646\u0642\u0644 \u0627\u0644\u062c\u0648\u0644\u0629 \u0627\u0644\u0645\u0634\u062a\u0631\u0627\u0629 \u0625\u0644\u0649 \u0634\u062e\u0635 \u0622\u062e\u0631 \u062d\u062a\u0649 3 \u0623\u064a\u0627\u0645 \u0642\u0628\u0644 \u0627\u0644\u062c\u0648\u0644\u0627\u062a \u0627\u0644\u064a\u0648\u0645\u064a\u0629 \u0627\u0644\u0645\u062d\u0644\u064a\u0629\u060c \u064820 \u064a\u0648\u0645\u064b\u0627 \u0642\u0628\u0644 \u0627\u0644\u062c\u0648\u0644\u0627\u062a \u0627\u0644\u0645\u062d\u0644\u064a\u0629\u060c \u064830 \u064a\u0648\u0645\u064b\u0627 \u0642\u0628\u0644 \u0627\u0644\u062c\u0648\u0644\u0627\u062a \u0627\u0644\u062f\u0648\u0644\u064a\u0629. \u064a\u0644\u062a\u0632\u0645 \u0627\u0644\u0628\u0627\u0626\u0639 \u0628\u0628\u0630\u0644 \u0643\u0644 \u062c\u0647\u062f \u0644\u062a\u0645\u062f\u064a\u062f \u0647\u0630\u0647 \u0627\u0644\u0641\u062a\u0631\u0629 \u0644\u0635\u0627\u0644\u062d \u0627\u0644\u0645\u0634\u062a\u0631\u064a. \u064a\u0643\u0648\u0646 \u0627\u0644\u0645\u0646\u0642\u0648\u0644 \u0625\u0644\u064a\u0647 \u0645\u0633\u0624\u0648\u0644\u0627\u064b \u0628\u0627\u0644\u062a\u0636\u0627\u0645\u0646 \u0648\u0627\u0644\u062a\u0643\u0627\u0641\u0644 \u0645\u0639 \u0627\u0644\u0646\u0627\u0642\u0644 \u0639\u0646 \u0623\u064a \u0646\u0641\u0642\u0627\u062a \u062a\u0646\u0634\u0623 \u0639\u0646 \u0627\u0644\u0646\u0642\u0644\u060c \u0628\u063a\u0636 \u0627\u0644\u0646\u0638\u0631 \u0639\u0645\u0627 \u0625\u0630\u0627 \u0643\u0627\u0646 \u0627\u0644\u0645\u0646\u0642\u0648\u0644 \u0625\u0644\u064a\u0647 \u0642\u062f \u0648\u0642\u0639 \u0639\u0644\u0649 \u0639\u0642\u062f \u0627\u0644\u0628\u064a\u0639 \u0648\u0627\u0644\u0646\u0645\u0627\u0630\u062c \u0647\u0630\u0647 \u0623\u0645 \u0644\u0627.<\/p>&#13;\n<p>\u00a0<\/p>&#13;\n<p>\u0641\u064a \u062d\u0627\u0644\u0629 \u0639\u062f\u0645 \u0627\u0644\u062d\u0635\u0648\u0644 \u0639\u0644\u0649 \u0627\u0644\u062a\u0623\u0634\u064a\u0631\u0629 \u0641\u064a \u0627\u0644\u0648\u0642\u062a \u0627\u0644\u0645\u062d\u062f\u062f\u060c \u0641\u0625\u0646 \u0634\u0631\u0648\u0637 \u0625\u0644\u063a\u0627\u0621 \u0627\u0644\u062c\u0648\u0644\u0629 \u0645\u062d\u062f\u062f\u0629 \u0641\u064a \u0647\u0630\u0627 \u0627\u0644\u0639\u0642\u062f. \u064a\u0642\u0639 \u0645\u0633\u0624\u0648\u0644\u064a\u0629 \u062a\u0642\u062f\u064a\u0645 \u0627\u0644\u0645\u0633\u062a\u0646\u062f\u0627\u062a \u0627\u0644\u0645\u0637\u0644\u0648\u0628\u0629 \u0645\u0646 \u0642\u0628\u0644 \u0627\u0644\u0642\u0646\u0635\u0644\u064a\u0627\u062a \u0648\u062a\u0642\u062f\u064a\u0645\u0647\u0627 \u0641\u064a \u0627\u0644\u0648\u0642\u062a \u0627\u0644\u0645\u0646\u0627\u0633\u0628 \u0639\u0644\u0649 \u0639\u0627\u062a\u0642 \u0627\u0644\u0645\u0634\u062a\u0631\u064a. \u0644\u0627 \u064a\u0645\u0643\u0646 \u0644\u0644\u0645\u0634\u062a\u0631\u064a \u062a\u062d\u0645\u064a\u0644 \u0627\u0644\u0628\u0627\u0626\u0639 \u0645\u0633\u0624\u0648\u0644\u064a\u0629 \u0639\u062f\u0645 \u0627\u0644\u062d\u0635\u0648\u0644 \u0639\u0644\u0649 \u0627\u0644\u062a\u0623\u0634\u064a\u0631\u0629 \u0628\u0623\u064a \u0634\u0643\u0644 \u0645\u0646 \u0627\u0644\u0623\u0634\u0643\u0627\u0644.<\/p>&#13;\n<p>\u00a0<\/p>&#13;\n<p>\u0628\u0627\u062e\u062a\u0635\u0627\u0631\u060c \u0644\u0627 \u064a\u064f\u0645\u0646\u062d \u0623\u064a \u062d\u0642 \u0641\u064a \u0627\u0644\u0625\u0644\u063a\u0627\u0621 \u0623\u0648 \u0627\u0644\u0625\u0631\u062c\u0627\u0639 \u0641\u064a \u0623\u064a \u0645\u0646 \u062e\u062f\u0645\u0627\u062a\u0646\u0627\u060c \u0648\u062a\u062e\u0636\u0639 \u0627\u0644\u062a\u063a\u064a\u064a\u0631\u0627\u062a \u0644\u0645\u0648\u0627\u0641\u0642\u0629 \u0627\u0644\u0628\u0627\u0626\u0639.<\/p>&#13;\n","protected":false},"excerpt":{"rendered":"<p>&#13; IADE &amp; IPTAL KO\u015eULLARI VE GENEL KURALLAR &#13; \u00a0 &#13; Y\u00f6netmeli\u011fin &#8220;Cayma Hakk\u0131n\u0131n Kullan\u0131m\u0131 ve Taraflar\u0131n Y\u00fck\u00fcml\u00fcl\u00fckleri&#8221; \u0648d\u00fczenleyen &#8220;\u00dc\u00e7\u00fcnc\u00fc B\u00f6l\u00fcm&#8221; ba\u015fl\u0131\u011f\u0131 alt\u0131nda yaz\u0131l\u0131 maddelerinin, &#8220;Yolcu Ta\u015f\u0131ma Hizmetleri&#8221; ne uygulanmamas\u0131 sebebi ile; ALICI&#8217;n\u0131n cayma hakk\u0131 bulunmamaktad\u0131r. &#13; \u00a0 &#13; SATICI\u060c ALICI&#8217;n beliirtilen tarihlerde \u00f6deme yapmamas\u0131 durumunda \u00f6demelerdeki gecikmelerde mecbur kalmad\u0131\u011f\u0131 hallerde gecikme faizi uygulamaz. Ancak [&hellip;]<\/p>\n","protected":false},"author":1,"featured_media":0,"parent":0,"menu_order":0,"comment_status":"closed","ping_status":"closed","template":"","meta":{"inline_featured_image":false,"footnotes":""},"_links":{"self":[{"href":"https:\/\/dapinutour.com\/ar\/wp-json\/wp\/v2\/pages\/17330"}],"collection":[{"href":"https:\/\/dapinutour.com\/ar\/wp-json\/wp\/v2\/pages"}],"about":[{"href":"https:\/\/dapinutour.com\/ar\/wp-json\/wp\/v2\/types\/page"}],"author":[{"embeddable":true,"href":"https:\/\/dapinutour.com\/ar\/wp-json\/wp\/v2\/users\/1"}],"replies":[{"embeddable":true,"href":"https:\/\/dapinutour.com\/ar\/wp-json\/wp\/v2\/comments?post=17330"}],"version-history":[{"count":1,"href":"https:\/\/dapinutour.com\/ar\/wp-json\/wp\/v2\/pages\/17330\/revisions"}],"predecessor-version":[{"id":17331,"href":"https:\/\/dapinutour.com\/ar\/wp-json\/wp\/v2\/pages\/17330\/revisions\/17331"}],"wp:attachment":[{"href":"https:\/\/dapinutour.com\/ar\/wp-json\/wp\/v2\/media?parent=17330"}],"curies":[{"name":"wp","href":"https:\/\/api.w.org\/{rel}","templated":true}]}}